{"id":67,"date":"2023-12-07T11:52:58","date_gmt":"2023-12-07T10:52:58","guid":{"rendered":"http:\/\/virtualbox.net\/cacbo\/?page_id=67"},"modified":"2025-09-04T17:59:52","modified_gmt":"2025-09-04T15:59:52","slug":"tableau-de-ligue","status":"publish","type":"page","link":"http:\/\/virtualbox.net\/cacbo\/tableau-de-ligue\/","title":{"rendered":"Le Club"},"content":{"rendered":"<p>La section Tennis de Table de Carbon-Blanc existe depuis 1972.<\/p>\n<p>Elle propose l&rsquo;activit\u00e9 en loisir ou en comp\u00e9tition dans sa salle sp\u00e9cifique qui dispose de 8 tables&nbsp;<br \/>et d&rsquo;un robot . <br \/>Les \u00e9quipes \u00e9voluent&nbsp; en championnat d\u00e9partemental . <br \/>Des \u00e9quipes sont \u00e9galement engag\u00e9es en championnat jeunes et coupe de Gironde<br \/>L&rsquo;\u00e9cole de Tennis de table r\u00e9serv\u00e9e aux jeunes&nbsp; fonctionne tous les mercredis apr\u00e8s-midi sauf durant les vacances scolaires<br \/><strong><u><br \/>Les diff\u00e9rents pr\u00e9sidents <\/u><\/strong><\/p>\n<p>1972 \u2013 Jean Paul TERRASSON&nbsp; &nbsp; &nbsp; &nbsp; &nbsp; &nbsp; &nbsp; &nbsp; &nbsp;&nbsp;<br \/>1974 &#8211; Bernard SIMONOT&nbsp; &nbsp; &nbsp; &nbsp; &nbsp; &nbsp; &nbsp; &nbsp; &nbsp; &nbsp; &nbsp; &nbsp; &nbsp;<br \/>1978 &#8211; Claude ANDRE&nbsp; &nbsp; &nbsp; &nbsp; &nbsp; &nbsp; &nbsp; &nbsp; &nbsp; &nbsp; &nbsp; &nbsp; &nbsp; &nbsp; &nbsp; &nbsp;<br \/>1983 \u2013 Bernard SIMONOT&nbsp; &nbsp; &nbsp; &nbsp; &nbsp; &nbsp; &nbsp; &nbsp; &nbsp; &nbsp; &nbsp; &nbsp;&nbsp;<br \/>1985 \u2013 Eric SEGURA &nbsp;&nbsp;&nbsp;&nbsp;&nbsp;&nbsp;&nbsp;&nbsp;&nbsp;&nbsp;&nbsp;&nbsp;&nbsp;&nbsp;&nbsp;&nbsp;&nbsp;&nbsp;&nbsp;&nbsp;&nbsp;&nbsp;&nbsp;&nbsp;&nbsp;&nbsp;&nbsp;&nbsp;&nbsp;&nbsp;&nbsp; <br \/>1986 \u2013 Claude ANDRE<br \/>1996 \u2013 Daniel ROCHER<br \/>1999 \u2013 S\u00e9bastien LAFON<br \/>2002 \u2013 Alain DEGRAVE<br \/>2008 &#8211; Daniel ROCHER<\/p>\n<p>&nbsp;<\/p>\n<p><strong>La composition du bureau pour la saison 2025- 2026 est la suivante :<\/strong><\/p>\n\n\n<p><\/p>\n\n\n\n<figure class=\"wp-block-table\"><table><tbody><tr><td class=\"has-text-align-center\" data-align=\"center\"><strong>Pr\u00e9nom &#8211; NOM<\/strong><\/td><td class=\"has-text-align-center\" data-align=\"center\"><strong>Fonction<\/strong><\/td><\/tr><tr><td class=\"has-text-align-center\" data-align=\"center\">Daniel <strong>ROCHER<\/strong><\/td><td class=\"has-text-align-center\" data-align=\"center\">Pr\u00e9sident<\/td><\/tr><tr><td class=\"has-text-align-center\" data-align=\"center\">Alain <strong>DEGRAVE<\/strong><\/td><td class=\"has-text-align-center\" data-align=\"center\">Vice- Pr\u00e9sident <\/td><\/tr><tr><td class=\"has-text-align-center\" data-align=\"center\">Marc <strong>GUIROY<\/strong><\/td><td class=\"has-text-align-center\" data-align=\"center\">Tr\u00e9sorier<\/td><\/tr><tr><td class=\"has-text-align-center\" data-align=\"center\">Aziz <strong>ABOU ZOUNON<\/strong><\/td><td class=\"has-text-align-center\" data-align=\"center\">Secr\u00e9taire \/ Communication<\/td><\/tr><tr><td class=\"has-text-align-center\" data-align=\"center\">\u00c9ric <strong>MONDETEGUY<\/strong><\/td><td class=\"has-text-align-center\" data-align=\"center\">Secr\u00e9taire -Adjoint<\/td><\/tr><tr><td class=\"has-text-align-center\" data-align=\"center\">R\u00e9gis <strong>SILVA MORAIS<\/strong><\/td><td class=\"has-text-align-center\" data-align=\"center\">Responsable \u00c9cole Tennis de Table<\/td><\/tr><tr><td class=\"has-text-align-center\" data-align=\"center\">Jean <strong>AUGIAS<\/strong><\/td><td class=\"has-text-align-center\" data-align=\"center\">membre<\/td><\/tr><tr><td class=\"has-text-align-center\" data-align=\"center\">G\u00e9rard <strong>TOMPS<\/strong><\/td><td class=\"has-text-align-center\" data-align=\"center\">membre <\/td><\/tr><\/tbody><\/table><\/figure>\n","protected":false},"excerpt":{"rendered":"<p>La section Tennis de Table de Carbon-Blanc existe depuis 1972. Elle propose l&rsquo;activit\u00e9 en loisir ou en comp\u00e9tition dans sa salle sp\u00e9cifique qui dispose de 8 tables&nbsp;et d&rsquo;un robot . Les \u00e9quipes \u00e9voluent&nbsp; en championnat d\u00e9partemental . Des \u00e9quipes sont \u00e9galement engag\u00e9es en championnat jeunes et coupe de GirondeL&rsquo;\u00e9cole de Tennis de table r\u00e9serv\u00e9e aux [&hellip;]<\/p>\n","protected":false},"author":1,"featured_media":0,"parent":0,"menu_order":0,"comment_status":"closed","ping_status":"closed","template":"","meta":{"ngg_post_thumbnail":0,"footnotes":""},"class_list":["post-67","page","type-page","status-publish","hentry"],"_links":{"self":[{"href":"http:\/\/virtualbox.net\/cacbo\/wp-json\/wp\/v2\/pages\/67","targetHints":{"allow":["GET"]}}],"collection":[{"href":"http:\/\/virtualbox.net\/cacbo\/wp-json\/wp\/v2\/pages"}],"about":[{"href":"http:\/\/virtualbox.net\/cacbo\/wp-json\/wp\/v2\/types\/page"}],"author":[{"embeddable":true,"href":"http:\/\/virtualbox.net\/cacbo\/wp-json\/wp\/v2\/users\/1"}],"replies":[{"embeddable":true,"href":"http:\/\/virtualbox.net\/cacbo\/wp-json\/wp\/v2\/comments?post=67"}],"version-history":[{"count":22,"href":"http:\/\/virtualbox.net\/cacbo\/wp-json\/wp\/v2\/pages\/67\/revisions"}],"predecessor-version":[{"id":770,"href":"http:\/\/virtualbox.net\/cacbo\/wp-json\/wp\/v2\/pages\/67\/revisions\/770"}],"wp:attachment":[{"href":"http:\/\/virtualbox.net\/cacbo\/wp-json\/wp\/v2\/media?parent=67"}],"curies":[{"name":"wp","href":"https:\/\/api.w.org\/{rel}","templated":true}]}}