{"id":619,"date":"2025-01-18T18:49:44","date_gmt":"2025-01-18T17:49:44","guid":{"rendered":"http:\/\/virtualbox.net\/cacbo\/?page_id=619"},"modified":"2025-01-18T18:49:44","modified_gmt":"2025-01-18T17:49:44","slug":"liens-utiles","status":"publish","type":"page","link":"http:\/\/virtualbox.net\/cacbo\/liens-utiles\/","title":{"rendered":"Liens utiles"},"content":{"rendered":"\n<p>Ci-dessous, vos liens utiles : <\/p>\n\n\n\n<ul class=\"wp-block-list\">\n<li>F\u00e9d\u00e9ration Fran\u00e7ais de Tennis de Table : <a href=\"https:\/\/www.fftt.com\/site\/\">https:\/\/www.fftt.com\/site\/<\/a><\/li>\n\n\n\n<li>Ligue de la Nouvelle-Aquitaine de Tennis de Table : <a href=\"https:\/\/lnatt.fr\">https:\/\/lnatt.fr<\/a><\/li>\n\n\n\n<li>Comit\u00e9 D\u00e9partementale de le Gironde de Tennis de Table : <a href=\"https:\/\/www.cd33tt.fr\">https:\/\/www.cd33tt.fr<\/a><\/li>\n\n\n\n<li>Club Athl\u00e9tique Carbon-Blanais Omnisports (CACBO) : <a href=\"https:\/\/www.cacbo.fr\/page\/254251-acces-et-contact\">https:\/\/www.cacbo.fr\/<\/a><\/li>\n\n\n\n<li>Site de la ville de Carbon-Blanc : <a href=\"https:\/\/www.carbon-blanc.fr\">https:\/\/www.carbon-blanc.fr<\/a><\/li>\n\n\n\n<li>Wack Sport (\u00e9quipememts) : <a href=\"https:\/\/www.wsport.com\/\">https:\/\/www.wsport.com\/<\/a><\/li>\n<\/ul>\n","protected":false},"excerpt":{"rendered":"<p>Ci-dessous, vos liens utiles :<\/p>\n","protected":false},"author":4,"featured_media":0,"parent":0,"menu_order":0,"comment_status":"closed","ping_status":"closed","template":"","meta":{"ngg_post_thumbnail":0,"footnotes":""},"class_list":["post-619","page","type-page","status-publish","hentry"],"_links":{"self":[{"href":"http:\/\/virtualbox.net\/cacbo\/wp-json\/wp\/v2\/pages\/619","targetHints":{"allow":["GET"]}}],"collection":[{"href":"http:\/\/virtualbox.net\/cacbo\/wp-json\/wp\/v2\/pages"}],"about":[{"href":"http:\/\/virtualbox.net\/cacbo\/wp-json\/wp\/v2\/types\/page"}],"author":[{"embeddable":true,"href":"http:\/\/virtualbox.net\/cacbo\/wp-json\/wp\/v2\/users\/4"}],"replies":[{"embeddable":true,"href":"http:\/\/virtualbox.net\/cacbo\/wp-json\/wp\/v2\/comments?post=619"}],"version-history":[{"count":1,"href":"http:\/\/virtualbox.net\/cacbo\/wp-json\/wp\/v2\/pages\/619\/revisions"}],"predecessor-version":[{"id":620,"href":"http:\/\/virtualbox.net\/cacbo\/wp-json\/wp\/v2\/pages\/619\/revisions\/620"}],"wp:attachment":[{"href":"http:\/\/virtualbox.net\/cacbo\/wp-json\/wp\/v2\/media?parent=619"}],"curies":[{"name":"wp","href":"https:\/\/api.w.org\/{rel}","templated":true}]}}