{"id":583,"date":"2025-01-12T22:40:56","date_gmt":"2025-01-12T21:40:56","guid":{"rendered":"http:\/\/virtualbox.net\/cacbo\/?page_id=583"},"modified":"2025-06-26T13:52:35","modified_gmt":"2025-06-26T11:52:35","slug":"telechargements","status":"publish","type":"page","link":"http:\/\/virtualbox.net\/cacbo\/telechargements\/","title":{"rendered":"T\u00e9l\u00e9chargements"},"content":{"rendered":"\n<p>Retrouvez, ci-dessous, tous les documents de votre club, \u00e0 t\u00e9l\u00e9charger.<\/p>\n\n\n\n<figure class=\"wp-block-table\"><table class=\"has-fixed-layout\"><tbody><tr><td>Fichier<\/td><td>T\u00e9l\u00e9charger<\/td><\/tr><tr><td>Demande de licence<\/td><td><a href=\"http:\/\/virtualbox.net\/cacbo\/wp-content\/uploads\/2025\/06\/25-2-Licence.pdf\">Demande de licence 2025\/2026<\/a><\/td><\/tr><tr><td>Certificat m\u00e9dical<\/td><td><a href=\"http:\/\/virtualbox.net\/cacbo\/wp-content\/uploads\/2025\/06\/25-9-certificat-medical.pdf\">Certificat m\u00e9dical<\/a><\/td><\/tr><tr><td>Questionnaire de sant\u00e9 pour Majeur<\/td><td><a href=\"http:\/\/virtualbox.net\/cacbo\/wp-content\/uploads\/2025\/06\/25-10-1-autoquestionnaire-medical-majeur.pdf\">Auto-questionnaire m\u00e9dical pour majeur<\/a><\/td><\/tr><tr><td>Questionnaire de sant\u00e9 pour Mineur<\/td><td><a href=\"http:\/\/virtualbox.net\/cacbo\/wp-content\/uploads\/2025\/06\/25-10-2-autoquestionnaire-medical-mineur.pdf\">Auto-questionnaire m\u00e9dical pour mineur<\/a><\/td><\/tr><tr><td>Calendrier<\/td><td><a href=\"http:\/\/virtualbox.net\/cacbo\/wp-content\/uploads\/2025\/06\/calendrier-sportif-2025-2026.pdf\">Calendrier 2025-2026<\/a><\/td><\/tr><tr><td>Clubs de Gironde<\/td><td><a href=\"http:\/\/virtualbox.net\/cacbo\/wp-content\/uploads\/2025\/01\/club-gironde.pdf\">Les clubs de Gironde<\/a><\/td><\/tr><tr><td><\/td><td><\/td><\/tr><\/tbody><\/table><\/figure>\n","protected":false},"excerpt":{"rendered":"<p>Retrouvez, ci-dessous, tous les documents de votre club, \u00e0 t\u00e9l\u00e9charger. Fichier T\u00e9l\u00e9charger Demande de licence Demande de licence 2025\/2026 Certificat m\u00e9dical Certificat m\u00e9dical Questionnaire de sant\u00e9 pour Majeur Auto-questionnaire m\u00e9dical pour majeur Questionnaire de sant\u00e9 pour Mineur Auto-questionnaire m\u00e9dical pour mineur Calendrier Calendrier 2025-2026 Clubs de Gironde Les clubs de Gironde<\/p>\n","protected":false},"author":4,"featured_media":0,"parent":0,"menu_order":0,"comment_status":"closed","ping_status":"closed","template":"","meta":{"ngg_post_thumbnail":0,"footnotes":""},"class_list":["post-583","page","type-page","status-publish","hentry"],"_links":{"self":[{"href":"http:\/\/virtualbox.net\/cacbo\/wp-json\/wp\/v2\/pages\/583","targetHints":{"allow":["GET"]}}],"collection":[{"href":"http:\/\/virtualbox.net\/cacbo\/wp-json\/wp\/v2\/pages"}],"about":[{"href":"http:\/\/virtualbox.net\/cacbo\/wp-json\/wp\/v2\/types\/page"}],"author":[{"embeddable":true,"href":"http:\/\/virtualbox.net\/cacbo\/wp-json\/wp\/v2\/users\/4"}],"replies":[{"embeddable":true,"href":"http:\/\/virtualbox.net\/cacbo\/wp-json\/wp\/v2\/comments?post=583"}],"version-history":[{"count":8,"href":"http:\/\/virtualbox.net\/cacbo\/wp-json\/wp\/v2\/pages\/583\/revisions"}],"predecessor-version":[{"id":768,"href":"http:\/\/virtualbox.net\/cacbo\/wp-json\/wp\/v2\/pages\/583\/revisions\/768"}],"wp:attachment":[{"href":"http:\/\/virtualbox.net\/cacbo\/wp-json\/wp\/v2\/media?parent=583"}],"curies":[{"name":"wp","href":"https:\/\/api.w.org\/{rel}","templated":true}]}}